{"id":2166,"date":"2024-09-10T11:33:26","date_gmt":"2024-09-10T09:33:26","guid":{"rendered":"http:\/\/redlinesolutions.pl\/?page_id=2166"},"modified":"2024-09-29T14:38:53","modified_gmt":"2024-09-29T12:38:53","slug":"kursy-specjalistyczne","status":"publish","type":"page","link":"https:\/\/redlinesolutions.pl\/en\/kursy-specjalistyczne\/","title":{"rendered":"Specialised Courses"},"content":{"rendered":"<div data-elementor-type=\"wp-page\" data-elementor-id=\"2166\" class=\"elementor elementor-2166\" data-elementor-post-type=\"page\">\n\t\t\t\t\t\t<section class=\"elementor-section elementor-top-section elementor-element elementor-element-cede4c3 elementor-section-content-middle elementor-section-boxed elementor-section-height-default elementor-section-height-default\" data-id=\"cede4c3\" data-element_type=\"section\" data-e-type=\"section\" data-settings=\"{&quot;background_background&quot;:&quot;classic&quot;}\">\n\t\t\t\t\t\t<div class=\"elementor-container elementor-column-gap-no\">\n\t\t\t\t\t<div class=\"elementor-column elementor-col-100 elementor-top-column elementor-element elementor-element-daf84fe\" data-id=\"daf84fe\" data-element_type=\"column\" data-e-type=\"column\">\n\t\t\t<div class=\"elementor-widget-wrap elementor-element-populated\">\n\t\t\t\t\t\t<div class=\"elementor-element elementor-element-62dc56e elementor-widget elementor-widget-heading\" data-id=\"62dc56e\" data-element_type=\"widget\" data-e-type=\"widget\" data-widget_type=\"heading.default\">\n\t\t\t\t<div class=\"elementor-widget-container\">\n\t\t\t\t\t<h2 class=\"elementor-heading-title elementor-size-default\">Specialised Courses<\/h2>\t\t\t\t<\/div>\n\t\t\t\t<\/div>\n\t\t\t\t\t<\/div>\n\t\t<\/div>\n\t\t\t\t\t<\/div>\n\t\t<\/section>\n\t\t\t\t<section class=\"elementor-section elementor-top-section elementor-element elementor-element-ff21915 elementor-section-boxed elementor-section-height-default elementor-section-height-default\" data-id=\"ff21915\" data-element_type=\"section\" data-e-type=\"section\" data-settings=\"{&quot;background_background&quot;:&quot;classic&quot;}\">\n\t\t\t\t\t\t<div class=\"elementor-container elementor-column-gap-no\">\n\t\t\t\t\t<div class=\"elementor-column elementor-col-50 elementor-top-column elementor-element elementor-element-cb4c180\" data-id=\"cb4c180\" data-element_type=\"column\" data-e-type=\"column\">\n\t\t\t<div class=\"elementor-widget-wrap elementor-element-populated\">\n\t\t\t\t\t\t<div class=\"elementor-element elementor-element-ef40c5b elementor-hidden-tablet elementor-widget elementor-widget-image\" data-id=\"ef40c5b\" data-element_type=\"widget\" data-e-type=\"widget\" data-widget_type=\"image.default\">\n\t\t\t\t<div class=\"elementor-widget-container\">\n\t\t\t\t\t\t\t\t\t\t\t\t\t\t\t<img decoding=\"async\" src=\"https:\/\/redlinesolutions.pl\/wp-content\/uploads\/elementor\/thumbs\/pexels-divinetechygirl-1181363-scaled-r5rlgaprtlyrxak8f43s82eipg5l3xwgz1pz8pf1ck.jpg\" title=\"pexels-divinetechygirl-1181363\" alt=\"pexels-divinetechygirl-1181363\" loading=\"lazy\" \/>\t\t\t\t\t\t\t\t\t\t\t\t\t\t\t<\/div>\n\t\t\t\t<\/div>\n\t\t\t\t<div class=\"elementor-element elementor-element-5ebfaef elementor-hidden-desktop elementor-hidden-mobile elementor-widget elementor-widget-image\" data-id=\"5ebfaef\" data-element_type=\"widget\" data-e-type=\"widget\" data-widget_type=\"image.default\">\n\t\t\t\t<div class=\"elementor-widget-container\">\n\t\t\t\t\t\t\t\t\t\t\t\t\t\t\t<img decoding=\"async\" src=\"https:\/\/redlinesolutions.pl\/wp-content\/uploads\/elementor\/thumbs\/pexels-divinetechygirl-1181363-scaled-r5rlgaprtm0hb2l3fc55tdwjuzi6xlu0ri7hbkzyh8.jpg\" title=\"pexels-divinetechygirl-1181363\" alt=\"pexels-divinetechygirl-1181363\" loading=\"lazy\" \/>\t\t\t\t\t\t\t\t\t\t\t\t\t\t\t<\/div>\n\t\t\t\t<\/div>\n\t\t\t\t\t<\/div>\n\t\t<\/div>\n\t\t\t\t<div class=\"elementor-column elementor-col-50 elementor-top-column elementor-element elementor-element-22879b2\" data-id=\"22879b2\" data-element_type=\"column\" data-e-type=\"column\">\n\t\t\t<div class=\"elementor-widget-wrap elementor-element-populated\">\n\t\t\t\t\t\t<div class=\"elementor-element elementor-element-3510409 elementor-widget elementor-widget-heading\" data-id=\"3510409\" data-element_type=\"widget\" data-e-type=\"widget\" data-widget_type=\"heading.default\">\n\t\t\t\t<div class=\"elementor-widget-container\">\n\t\t\t\t\t<h2 class=\"elementor-heading-title elementor-size-default\">01<\/h2>\t\t\t\t<\/div>\n\t\t\t\t<\/div>\n\t\t\t\t<div class=\"elementor-element elementor-element-8a45e73 elementor-widget elementor-widget-heading\" data-id=\"8a45e73\" data-element_type=\"widget\" data-e-type=\"widget\" data-widget_type=\"heading.default\">\n\t\t\t\t<div class=\"elementor-widget-container\">\n\t\t\t\t\t<h2 class=\"elementor-heading-title elementor-size-default\">Business &amp; Professional\nEnglish<\/h2>\t\t\t\t<\/div>\n\t\t\t\t<\/div>\n\t\t\t\t<div class=\"elementor-element elementor-element-e17430b ar-p elementor-widget elementor-widget-text-editor\" data-id=\"e17430b\" data-element_type=\"widget\" data-e-type=\"widget\" data-widget_type=\"text-editor.default\">\n\t\t\t\t<div class=\"elementor-widget-container\">\n\t\t\t\t\t\t\t\t\t<div class=\"wp-block-uagb-advanced-heading uagb-block-d5ee27ff\"><div class=\"wp-block-uagb-advanced-heading uagb-block-d5ee27ff\"><div class=\"wp-block-uagb-advanced-heading uagb-block-d5ee27ff\"><p class=\"uagb-desc-text\">The Standard English for Beginners course provides a foundation for learning the language while building your confidence in communicating in English.<\/p><p class=\"uagb-desc-text\">\u00a0<\/p><\/div><p>DURING THE COURSE:<br \/>You will develop basic language skills such as reading, writing, comprehension, speaking and communication by learning basic structures, expanding vocabulary, pair exercises, role plays and other interactive activities.<\/p><\/div><\/div>\t\t\t\t\t\t\t\t<\/div>\n\t\t\t\t<\/div>\n\t\t\t\t\t<\/div>\n\t\t<\/div>\n\t\t\t\t\t<\/div>\n\t\t<\/section>\n\t\t\t\t<section class=\"elementor-section elementor-top-section elementor-element elementor-element-3c76e15 elementor-reverse-mobile elementor-section-boxed elementor-section-height-default elementor-section-height-default\" data-id=\"3c76e15\" data-element_type=\"section\" data-e-type=\"section\" data-settings=\"{&quot;background_background&quot;:&quot;classic&quot;}\">\n\t\t\t\t\t\t<div class=\"elementor-container elementor-column-gap-no\">\n\t\t\t\t\t<div class=\"elementor-column elementor-col-50 elementor-top-column elementor-element elementor-element-187ea6a\" data-id=\"187ea6a\" data-element_type=\"column\" data-e-type=\"column\">\n\t\t\t<div class=\"elementor-widget-wrap elementor-element-populated\">\n\t\t\t\t\t\t<div class=\"elementor-element elementor-element-f19045a elementor-widget elementor-widget-heading\" data-id=\"f19045a\" data-element_type=\"widget\" data-e-type=\"widget\" data-widget_type=\"heading.default\">\n\t\t\t\t<div class=\"elementor-widget-container\">\n\t\t\t\t\t<h2 class=\"elementor-heading-title elementor-size-default\">02<\/h2>\t\t\t\t<\/div>\n\t\t\t\t<\/div>\n\t\t\t\t<div class=\"elementor-element elementor-element-83348ed elementor-widget elementor-widget-heading\" data-id=\"83348ed\" data-element_type=\"widget\" data-e-type=\"widget\" data-widget_type=\"heading.default\">\n\t\t\t\t<div class=\"elementor-widget-container\">\n\t\t\t\t\t<h2 class=\"elementor-heading-title elementor-size-default\">Advanced Business\nProgramme<\/h2>\t\t\t\t<\/div>\n\t\t\t\t<\/div>\n\t\t\t\t<div class=\"elementor-element elementor-element-bca1699 ar-p elementor-widget elementor-widget-text-editor\" data-id=\"bca1699\" data-element_type=\"widget\" data-e-type=\"widget\" data-widget_type=\"text-editor.default\">\n\t\t\t\t<div class=\"elementor-widget-container\">\n\t\t\t\t\t\t\t\t\t<div class=\"wp-block-uagb-advanced-heading uagb-block-5272db78\"><div class=\"wp-block-uagb-advanced-heading uagb-block-5272db78\"><p class=\"uagb-desc-text\">Advanced English courses are offered at varying levels of difficulty.<\/p><p class=\"uagb-desc-text\">\u00a0<\/p><\/div><p>DURING THE COURSE:<br \/>You will learn practical English from the latest textbooks and materials, testing your acquired knowledge in practice. You will develop communication skills through collaboration, role play, pair work and discussion groups. You will learn new techniques to improve your reading and comprehension and improve your writing by analysing and creating emails, letters and reports. Your teacher will regularly assess your progress throughout the course.<\/p><\/div>\t\t\t\t\t\t\t\t<\/div>\n\t\t\t\t<\/div>\n\t\t\t\t\t<\/div>\n\t\t<\/div>\n\t\t\t\t<div class=\"elementor-column elementor-col-50 elementor-top-column elementor-element elementor-element-3bd43c0\" data-id=\"3bd43c0\" data-element_type=\"column\" data-e-type=\"column\">\n\t\t\t<div class=\"elementor-widget-wrap elementor-element-populated\">\n\t\t\t\t\t\t<div class=\"elementor-element elementor-element-d33b86a elementor-hidden-tablet elementor-widget elementor-widget-image\" data-id=\"d33b86a\" data-element_type=\"widget\" data-e-type=\"widget\" data-widget_type=\"image.default\">\n\t\t\t\t<div class=\"elementor-widget-container\">\n\t\t\t\t\t\t\t\t\t\t\t\t\t\t\t<img decoding=\"async\" src=\"https:\/\/redlinesolutions.pl\/wp-content\/uploads\/elementor\/thumbs\/pexels-pavel-danilyuk-7654395-r5rlgdjavnl9kzg25tjdmot8xxarcbp2li2ace58qw.jpg\" title=\"pexels-pavel-danilyuk-7654395\" alt=\"pexels-pavel-danilyuk-7654395\" loading=\"lazy\" \/>\t\t\t\t\t\t\t\t\t\t\t\t\t\t\t<\/div>\n\t\t\t\t<\/div>\n\t\t\t\t<div class=\"elementor-element elementor-element-835b12d elementor-hidden-desktop elementor-hidden-mobile ar-sc-ale-img elementor-widget elementor-widget-image\" data-id=\"835b12d\" data-element_type=\"widget\" data-e-type=\"widget\" data-widget_type=\"image.default\">\n\t\t\t\t<div class=\"elementor-widget-container\">\n\t\t\t\t\t\t\t\t\t\t\t\t\t\t\t<img decoding=\"async\" src=\"https:\/\/redlinesolutions.pl\/wp-content\/uploads\/elementor\/thumbs\/pexels-pavel-danilyuk-7654395-r5rlgdjavnnjfct7i497r45ahb3kfvlszg1mg894x4.jpg\" title=\"pexels-pavel-danilyuk-7654395\" alt=\"pexels-pavel-danilyuk-7654395\" loading=\"lazy\" \/>\t\t\t\t\t\t\t\t\t\t\t\t\t\t\t<\/div>\n\t\t\t\t<\/div>\n\t\t\t\t\t<\/div>\n\t\t<\/div>\n\t\t\t\t\t<\/div>\n\t\t<\/section>\n\t\t\t\t<section class=\"elementor-section elementor-top-section elementor-element elementor-element-001854f elementor-section-boxed elementor-section-height-default elementor-section-height-default\" data-id=\"001854f\" data-element_type=\"section\" data-e-type=\"section\" data-settings=\"{&quot;background_background&quot;:&quot;classic&quot;}\">\n\t\t\t\t\t\t<div class=\"elementor-container elementor-column-gap-no\">\n\t\t\t\t\t<div class=\"elementor-column elementor-col-50 elementor-top-column elementor-element elementor-element-3ae8a18\" data-id=\"3ae8a18\" data-element_type=\"column\" data-e-type=\"column\">\n\t\t\t<div class=\"elementor-widget-wrap elementor-element-populated\">\n\t\t\t\t\t\t<div class=\"elementor-element elementor-element-f0fa8f9 elementor-hidden-mobile elementor-widget elementor-widget-image\" data-id=\"f0fa8f9\" data-element_type=\"widget\" data-e-type=\"widget\" data-widget_type=\"image.default\">\n\t\t\t\t<div class=\"elementor-widget-container\">\n\t\t\t\t\t\t\t\t\t\t\t\t\t\t\t<img decoding=\"async\" src=\"https:\/\/redlinesolutions.pl\/wp-content\/uploads\/elementor\/thumbs\/pexels-marcus-aurelius-4063856-e1717841714757-r5rlg8u3fy0gqip48ndz2dmoeisd8pivrxmrhcg4io.jpg\" title=\"pexels-marcus-aurelius-4063856\" alt=\"pexels-marcus-aurelius-4063856\" loading=\"lazy\" \/>\t\t\t\t\t\t\t\t\t\t\t\t\t\t\t<\/div>\n\t\t\t\t<\/div>\n\t\t\t\t<div class=\"elementor-element elementor-element-81bf1b2 elementor-hidden-desktop elementor-hidden-tablet elementor-widget elementor-widget-image\" data-id=\"81bf1b2\" data-element_type=\"widget\" data-e-type=\"widget\" data-widget_type=\"image.default\">\n\t\t\t\t<div class=\"elementor-widget-container\">\n\t\t\t\t\t\t\t\t\t\t\t\t\t\t\t<img decoding=\"async\" src=\"https:\/\/redlinesolutions.pl\/wp-content\/uploads\/elementor\/thumbs\/pexels-marcus-aurelius-4063856-e1717841714757-r5rlg8u3fxwrqnz925yzm6plwiv1yfo6w9wub40sqk.jpg\" title=\"pexels-marcus-aurelius-4063856\" alt=\"pexels-marcus-aurelius-4063856\" loading=\"lazy\" \/>\t\t\t\t\t\t\t\t\t\t\t\t\t\t\t<\/div>\n\t\t\t\t<\/div>\n\t\t\t\t\t<\/div>\n\t\t<\/div>\n\t\t\t\t<div class=\"elementor-column elementor-col-50 elementor-top-column elementor-element elementor-element-0271f6c\" data-id=\"0271f6c\" data-element_type=\"column\" data-e-type=\"column\">\n\t\t\t<div class=\"elementor-widget-wrap elementor-element-populated\">\n\t\t\t\t\t\t<div class=\"elementor-element elementor-element-4223d38 elementor-widget elementor-widget-heading\" data-id=\"4223d38\" data-element_type=\"widget\" data-e-type=\"widget\" data-widget_type=\"heading.default\">\n\t\t\t\t<div class=\"elementor-widget-container\">\n\t\t\t\t\t<h2 class=\"elementor-heading-title elementor-size-default\">03<\/h2>\t\t\t\t<\/div>\n\t\t\t\t<\/div>\n\t\t\t\t<div class=\"elementor-element elementor-element-18cfb6b elementor-widget elementor-widget-heading\" data-id=\"18cfb6b\" data-element_type=\"widget\" data-e-type=\"widget\" data-widget_type=\"heading.default\">\n\t\t\t\t<div class=\"elementor-widget-container\">\n\t\t\t\t\t<h2 class=\"elementor-heading-title elementor-size-default\">Individual English Training<\/h2>\t\t\t\t<\/div>\n\t\t\t\t<\/div>\n\t\t\t\t<div class=\"elementor-element elementor-element-6b4b226 ar-p elementor-widget elementor-widget-text-editor\" data-id=\"6b4b226\" data-element_type=\"widget\" data-e-type=\"widget\" data-widget_type=\"text-editor.default\">\n\t\t\t\t<div class=\"elementor-widget-container\">\n\t\t\t\t\t\t\t\t\t<div class=\"wp-block-uagb-advanced-heading uagb-block-d5ee27ff\"><div class=\"wp-block-uagb-advanced-heading uagb-block-d5ee27ff\"><div class=\"wp-block-uagb-advanced-heading uagb-block-d76864a8\"><div class=\"wp-block-uagb-advanced-heading uagb-block-d76864a8\"><p class=\"uagb-desc-text\">Your personal tutor will design lessons tailored to your learning goals, which you will discuss together to create a personalised programme. Evening and weekend sessions can also be scheduled in advance to accommodate your availability.<\/p><p class=\"uagb-desc-text\">\u00a0<\/p><\/div><p>WHO IS THIS COURSE FOR?<br \/>Personalised English language training offers personalised tuition tailored to your individual needs and your calendar. Unlike group classes, private lessons allow you complete flexibility in terms of pace, content and learning style. With a personalised approach, your tutor can address your specific English language skills and goals according to your own schedule. This personalised approach takes into account the fact that everyone learns differently, so the curriculum is tailored to individual needs.<\/p><p>THE BENEFITS:<br \/>By the end of the course, you can expect to have significantly improved your skills in key areas, gained insights into your own language challenges and identified future areas to focus on, developed your ability to speak with greater confidence, fluency and precision, and acquired a greatly expanded active vocabulary.<\/p><p>COURSE CONTENTS:<br \/>This course provides personalised, targeted training tailored to each participant's needs, something a group course cannot offer. Students choose one-to-one tuition for a variety of reasons, such as preparing for a presentation, increasing confidence before an English event, prioritising specific weaknesses or ensuring a full focus on their unique needs. Our individual programmes include a detailed needs analysis to create a personalised training plan that targets each participant's specific areas of improvement.<\/p><p class=\"has-ast-global-color-0-color has-text-color has-link-color wp-elements-5c8feb95cd4286b488cb44e1ac191848\"><strong>MINIMAL COURSE LENGTH:<\/strong>\u00a015 hours<br \/>flexible times<br \/>flexible calendar<\/p><\/div><\/div><\/div>\t\t\t\t\t\t\t\t<\/div>\n\t\t\t\t<\/div>\n\t\t\t\t\t<\/div>\n\t\t<\/div>\n\t\t\t\t\t<\/div>\n\t\t<\/section>\n\t\t\t\t<\/div>","protected":false},"excerpt":{"rendered":"<p>Kursy specjalistyczne. 01 Business &#038; Professional English Kurs standardowego angielskiego dla pocz\u0105tkuj\u0105cych zapewnia podstawy do\u00a0nauki j\u0119zyka, jednocze\u015bnie buduj\u0105c Twoj\u0105 pewno\u015b\u0107 [&hellip;]<\/p>\n","protected":false},"author":6,"featured_media":0,"parent":0,"menu_order":0,"comment_status":"closed","ping_status":"closed","template":"elementor_header_footer","meta":{"_uag_custom_page_level_css":"","site-sidebar-layout":"no-sidebar","site-content-layout":"page-builder","ast-site-content-layout":"full-width-container","site-content-style":"default","site-sidebar-style":"default","ast-global-header-display":"","ast-banner-title-visibility":"","ast-main-header-display":"","ast-hfb-above-header-display":"","ast-hfb-below-header-display":"","ast-hfb-mobile-header-display":"","site-post-title":"disabled","ast-breadcrumbs-content":"","ast-featured-img":"disabled","footer-sml-layout":"","ast-disable-related-posts":"","theme-transparent-header-meta":"","adv-header-id-meta":"","stick-header-meta":"","header-above-stick-meta":"","header-main-stick-meta":"","header-below-stick-meta":"","astra-migrate-meta-layouts":"set","ast-page-background-enabled":"default","ast-page-background-meta":{"desktop":{"background-color":"var(--ast-global-color-4)","background-image":"","background-repeat":"repeat","background-position":"center center","background-size":"auto","background-attachment":"scroll","background-type":"","background-media":"","overlay-type":"","overlay-color":"","overlay-opacity":"","overlay-gradient":""},"tablet":{"background-color":"","background-image":"","background-repeat":"repeat","background-position":"center center","background-size":"auto","background-attachment":"scroll","background-type":"","background-media":"","overlay-type":"","overlay-color":"","overlay-opacity":"","overlay-gradient":""},"mobile":{"background-color":"","background-image":"","background-repeat":"repeat","background-position":"center center","background-size":"auto","background-attachment":"scroll","background-type":"","background-media":"","overlay-type":"","overlay-color":"","overlay-opacity":"","overlay-gradient":""}},"ast-content-background-meta":{"desktop":{"background-color":"var(--ast-global-color-5)","background-image":"","background-repeat":"repeat","background-position":"center center","background-size":"auto","background-attachment":"scroll","background-type":"","background-media":"","overlay-type":"","overlay-color":"","overlay-opacity":"","overlay-gradient":""},"tablet":{"background-color":"var(--ast-global-color-5)","background-image":"","background-repeat":"repeat","background-position":"center center","background-size":"auto","background-attachment":"scroll","background-type":"","background-media":"","overlay-type":"","overlay-color":"","overlay-opacity":"","overlay-gradient":""},"mobile":{"background-color":"var(--ast-global-color-5)","background-image":"","background-repeat":"repeat","background-position":"center center","background-size":"auto","background-attachment":"scroll","background-type":"","background-media":"","overlay-type":"","overlay-color":"","overlay-opacity":"","overlay-gradient":""}},"iawp_total_views":19,"footnotes":""},"class_list":["post-2166","page","type-page","status-publish","hentry"],"uagb_featured_image_src":{"full":false,"thumbnail":false,"medium":false,"medium_large":false,"large":false,"1536x1536":false,"2048x2048":false,"trp-custom-language-flag":false},"uagb_author_info":{"display_name":"w 2","author_link":"https:\/\/redlinesolutions.pl\/en\/author\/w2\/"},"uagb_comment_info":0,"uagb_excerpt":"Kursy specjalistyczne. 01 Business &#038; Professional English Kurs standardowego angielskiego dla pocz\u0105tkuj\u0105cych zapewnia podstawy do\u00a0nauki j\u0119zyka, jednocze\u015bnie buduj\u0105c Twoj\u0105 pewno\u015b\u0107 [&hellip;]","_links":{"self":[{"href":"https:\/\/redlinesolutions.pl\/en\/wp-json\/wp\/v2\/pages\/2166","targetHints":{"allow":["GET"]}}],"collection":[{"href":"https:\/\/redlinesolutions.pl\/en\/wp-json\/wp\/v2\/pages"}],"about":[{"href":"https:\/\/redlinesolutions.pl\/en\/wp-json\/wp\/v2\/types\/page"}],"author":[{"embeddable":true,"href":"https:\/\/redlinesolutions.pl\/en\/wp-json\/wp\/v2\/users\/6"}],"replies":[{"embeddable":true,"href":"https:\/\/redlinesolutions.pl\/en\/wp-json\/wp\/v2\/comments?post=2166"}],"version-history":[{"count":5,"href":"https:\/\/redlinesolutions.pl\/en\/wp-json\/wp\/v2\/pages\/2166\/revisions"}],"predecessor-version":[{"id":3074,"href":"https:\/\/redlinesolutions.pl\/en\/wp-json\/wp\/v2\/pages\/2166\/revisions\/3074"}],"wp:attachment":[{"href":"https:\/\/redlinesolutions.pl\/en\/wp-json\/wp\/v2\/media?parent=2166"}],"curies":[{"name":"wp","href":"https:\/\/api.w.org\/{rel}","templated":true}]}}