{"id":2357,"date":"2024-09-14T18:04:55","date_gmt":"2024-09-14T16:04:55","guid":{"rendered":"http:\/\/redlinesolutions.pl\/?page_id=2357"},"modified":"2024-10-03T11:37:36","modified_gmt":"2024-10-03T09:37:36","slug":"ielts","status":"publish","type":"page","link":"https:\/\/redlinesolutions.pl\/en\/ielts\/","title":{"rendered":"IELTS"},"content":{"rendered":"<div data-elementor-type=\"wp-page\" data-elementor-id=\"2357\" class=\"elementor elementor-2357\" data-elementor-post-type=\"page\">\n\t\t\t\t\t\t<section class=\"elementor-section elementor-top-section elementor-element elementor-element-7e6e94aa elementor-section-content-middle elementor-section-boxed elementor-section-height-default elementor-section-height-default\" data-id=\"7e6e94aa\" data-element_type=\"section\" data-e-type=\"section\" data-settings=\"{&quot;background_background&quot;:&quot;classic&quot;}\">\n\t\t\t\t\t\t<div class=\"elementor-container elementor-column-gap-no\">\n\t\t\t\t\t<div class=\"elementor-column elementor-col-100 elementor-top-column elementor-element elementor-element-51ac0f7f\" data-id=\"51ac0f7f\" data-element_type=\"column\" data-e-type=\"column\">\n\t\t\t<div class=\"elementor-widget-wrap elementor-element-populated\">\n\t\t\t\t\t\t<div class=\"elementor-element elementor-element-79fbae42 elementor-widget elementor-widget-heading\" data-id=\"79fbae42\" data-element_type=\"widget\" data-e-type=\"widget\" data-widget_type=\"heading.default\">\n\t\t\t\t<div class=\"elementor-widget-container\">\n\t\t\t\t\t<h2 class=\"elementor-heading-title elementor-size-default\">IELTS Preparatory Course<\/h2>\t\t\t\t<\/div>\n\t\t\t\t<\/div>\n\t\t\t\t\t<\/div>\n\t\t<\/div>\n\t\t\t\t\t<\/div>\n\t\t<\/section>\n\t\t\t\t<section class=\"elementor-section elementor-top-section elementor-element elementor-element-14b9ea91 elementor-section-boxed elementor-section-height-default elementor-section-height-default\" data-id=\"14b9ea91\" data-element_type=\"section\" data-e-type=\"section\" data-settings=\"{&quot;background_background&quot;:&quot;classic&quot;}\">\n\t\t\t\t\t\t<div class=\"elementor-container elementor-column-gap-no\">\n\t\t\t\t\t<div class=\"elementor-column elementor-col-50 elementor-top-column elementor-element elementor-element-4a9bef7\" data-id=\"4a9bef7\" data-element_type=\"column\" data-e-type=\"column\">\n\t\t\t<div class=\"elementor-widget-wrap elementor-element-populated\">\n\t\t\t\t\t\t<div class=\"elementor-element elementor-element-1a90eecf elementor-hidden-mobile elementor-widget elementor-widget-image\" data-id=\"1a90eecf\" data-element_type=\"widget\" data-e-type=\"widget\" data-widget_type=\"image.default\">\n\t\t\t\t<div class=\"elementor-widget-container\">\n\t\t\t\t\t\t\t\t\t\t\t\t\t\t\t<img decoding=\"async\" src=\"https:\/\/redlinesolutions.pl\/wp-content\/uploads\/elementor\/thumbs\/pexels-max-fischer-5212350-scaled-r5rlg8u3fy0gqip48ndz2dmoeisd8pivrxmrhcg4io.jpg\" title=\"pexels-max-fischer-5212350\" alt=\"pexels-max-fischer-5212350\" loading=\"lazy\" \/>\t\t\t\t\t\t\t\t\t\t\t\t\t\t\t<\/div>\n\t\t\t\t<\/div>\n\t\t\t\t<div class=\"elementor-element elementor-element-310753c2 elementor-hidden-desktop elementor-hidden-tablet elementor-widget elementor-widget-image\" data-id=\"310753c2\" data-element_type=\"widget\" data-e-type=\"widget\" data-widget_type=\"image.default\">\n\t\t\t\t<div class=\"elementor-widget-container\">\n\t\t\t\t\t\t\t\t\t\t\t\t\t\t\t<img decoding=\"async\" src=\"https:\/\/redlinesolutions.pl\/wp-content\/uploads\/elementor\/thumbs\/pexels-max-fischer-5212350-scaled-r5rlg8u3fxxc79bje8ng5ajmadb98bndhreoc2jrs4.jpg\" title=\"pexels-max-fischer-5212350\" alt=\"pexels-max-fischer-5212350\" loading=\"lazy\" \/>\t\t\t\t\t\t\t\t\t\t\t\t\t\t\t<\/div>\n\t\t\t\t<\/div>\n\t\t\t\t\t<\/div>\n\t\t<\/div>\n\t\t\t\t<div class=\"elementor-column elementor-col-50 elementor-top-column elementor-element elementor-element-7f2ddab8\" data-id=\"7f2ddab8\" data-element_type=\"column\" data-e-type=\"column\">\n\t\t\t<div class=\"elementor-widget-wrap elementor-element-populated\">\n\t\t\t\t\t\t<div class=\"elementor-element elementor-element-9a25b18 elementor-widget elementor-widget-heading\" data-id=\"9a25b18\" data-element_type=\"widget\" data-e-type=\"widget\" data-widget_type=\"heading.default\">\n\t\t\t\t<div class=\"elementor-widget-container\">\n\t\t\t\t\t<h2 class=\"elementor-heading-title elementor-size-default\">explore<\/h2>\t\t\t\t<\/div>\n\t\t\t\t<\/div>\n\t\t\t\t<div class=\"elementor-element elementor-element-591fe9f elementor-widget elementor-widget-heading\" data-id=\"591fe9f\" data-element_type=\"widget\" data-e-type=\"widget\" data-widget_type=\"heading.default\">\n\t\t\t\t<div class=\"elementor-widget-container\">\n\t\t\t\t\t<h2 class=\"elementor-heading-title elementor-size-default\">IELTS Preparatory Course<\/h2>\t\t\t\t<\/div>\n\t\t\t\t<\/div>\n\t\t\t\t<div class=\"elementor-element elementor-element-231a9bf1 ar-p elementor-widget elementor-widget-text-editor\" data-id=\"231a9bf1\" data-element_type=\"widget\" data-e-type=\"widget\" data-widget_type=\"text-editor.default\">\n\t\t\t\t<div class=\"elementor-widget-container\">\n\t\t\t\t\t\t\t\t\t<div class=\"wp-block-uagb-advanced-heading uagb-block-d5ee27ff\"><div class=\"wp-block-uagb-advanced-heading uagb-block-d5ee27ff\"><div class=\"wp-block-uagb-advanced-heading uagb-block-d76864a8\"><div class=\"wp-block-uagb-advanced-heading uagb-block-d5ee27ff\"><div class=\"wp-block-uagb-advanced-heading uagb-block-d5ee27ff\"><p class=\"uagb-desc-text\">WHAT IS IELTS?<br \/>IELTS is the International English Language Testing System, which tests English language proficiency worldwide. The test measures the language proficiency of people who want to study or work in environments where English is used as the language of communication. The easy-to-use 9-band scale clearly indicates the level of proficiency, from non-user (band 1 score) to expert (band 9 score).<\/p><p>IELTS is available in two formats - Academic or General Training - and provides a valid and accurate assessment of four language skills: listening, reading, writing and speaking.<\/p><p>IELTS ACADEMIC<br \/>The IELTS Academic test is designed for applicants for higher education or professional registration in an English-speaking environment. It reflects some of the characteristics of academic language and assesses whether a candidate is ready for university or training. Academic measures the level of English language proficiency required in academic and higher education settings.<\/p><p>The Academic format is designed for those who wish to study or train at a university that teaches in English at undergraduate or postgraduate level, or at institutions of further and higher education. Many professions (e.g. medicine, nursing, accountancy, engineering) also require an Academic test score for registration in many countries<\/p><\/div><p>IELTS GENERAL TRAINING<br \/>The General Training module is designed for candidates who are travelling to English-speaking countries for high school graduation, employment or non-degree training programmes, or for immigration purposes to Australia, Canada, New Zealand and the UK. The test focuses on basic survival skills in a broad social and professional context. If you are applying for Tier 1 and Tier 2 visas to the UK, this is the test for you.<\/p><p>PREPARATION FOR THE TEST<br \/>Redline offers IELTS test preparation services, providing students with training to take the exam for higher education and for work in countries where English is the official language.<\/p><p>UKVI CERTIFIED TESTS<br \/>IELTS for UKVI is a UK government-approved secure English language test (SELT). This means that the test can be used to prove English language proficiency in support of a UK Visa and Immigration (UKVI) application.<\/p><p class=\"has-ast-global-color-0-color has-text-color has-link-color wp-elements-f9cdd20cd08fcca8d41d8bdbf37e0e37\">CAUTION!<br \/>If you are taking the Academic or General Training test to apply for a UK visa, you must ensure that the test is taken at a UKVI approved test centre. The Academic and General Training tests for UK visa applications and non-UK visa applications are the same - same content, examiners, format, level of difficulty, scoring etc.<\/p><\/div><\/div><\/div><\/div>\t\t\t\t\t\t\t\t<\/div>\n\t\t\t\t<\/div>\n\t\t\t\t\t<\/div>\n\t\t<\/div>\n\t\t\t\t\t<\/div>\n\t\t<\/section>\n\t\t\t\t<section class=\"elementor-section elementor-top-section elementor-element elementor-element-756cc05e elementor-section-content-middle elementor-section-boxed elementor-section-height-default elementor-section-height-default\" data-id=\"756cc05e\" data-element_type=\"section\" data-e-type=\"section\" data-settings=\"{&quot;background_background&quot;:&quot;classic&quot;}\">\n\t\t\t\t\t\t<div class=\"elementor-container elementor-column-gap-no\">\n\t\t\t\t\t<div class=\"elementor-column elementor-col-100 elementor-top-column elementor-element elementor-element-1c95bf23\" data-id=\"1c95bf23\" data-element_type=\"column\" data-e-type=\"column\">\n\t\t\t<div class=\"elementor-widget-wrap elementor-element-populated\">\n\t\t\t\t\t\t<div class=\"elementor-element elementor-element-5968d8a0 elementor-widget elementor-widget-heading\" data-id=\"5968d8a0\" data-element_type=\"widget\" data-e-type=\"widget\" data-widget_type=\"heading.default\">\n\t\t\t\t<div class=\"elementor-widget-container\">\n\t\t\t\t\t<h2 class=\"elementor-heading-title elementor-size-default\">We respect your commitments.<\/h2>\t\t\t\t<\/div>\n\t\t\t\t<\/div>\n\t\t\t\t<div class=\"elementor-element elementor-element-1596943a ar-p elementor-widget elementor-widget-text-editor\" data-id=\"1596943a\" data-element_type=\"widget\" data-e-type=\"widget\" data-widget_type=\"text-editor.default\">\n\t\t\t\t<div class=\"elementor-widget-container\">\n\t\t\t\t\t\t\t\t\t<div class=\"wp-block-uagb-advanced-heading uagb-block-d5ee27ff\"><div class=\"wp-block-uagb-advanced-heading uagb-block-d5ee27ff\"><div class=\"wp-block-uagb-advanced-heading uagb-block-d76864a8\"><div class=\"wp-block-uagb-advanced-heading uagb-block-d5ee27ff\"><p class=\"uagb-desc-text\">Oferujemy elastyczn\u0105 gam\u0119 kurs\u00f3w IELTS, aby zaspokoi\u0107 potrzeby ka\u017cdego i\u00a0ograniczenia czasowe, w\u00a0tym opcje w\u00a0niepe\u0142nym wymiarze godzin, w\u00a0pe\u0142nym wymiarze godzin, grupowe i\u00a0indywidualne.<\/p><\/div><\/div><\/div><\/div>\t\t\t\t\t\t\t\t<\/div>\n\t\t\t\t<\/div>\n\t\t\t\t\t<\/div>\n\t\t<\/div>\n\t\t\t\t\t<\/div>\n\t\t<\/section>\n\t\t\t\t<section class=\"elementor-section elementor-top-section elementor-element elementor-element-11eb4b47 elementor-section-boxed elementor-section-height-default elementor-section-height-default\" data-id=\"11eb4b47\" data-element_type=\"section\" data-e-type=\"section\" data-settings=\"{&quot;background_background&quot;:&quot;classic&quot;}\">\n\t\t\t\t\t\t<div class=\"elementor-container elementor-column-gap-default\">\n\t\t\t\t\t<div class=\"elementor-column elementor-col-100 elementor-top-column elementor-element elementor-element-53101173\" data-id=\"53101173\" data-element_type=\"column\" data-e-type=\"column\">\n\t\t\t<div class=\"elementor-widget-wrap elementor-element-populated\">\n\t\t\t\t\t\t<div class=\"elementor-element elementor-element-503f6468 elementor-widget elementor-widget-spacer\" data-id=\"503f6468\" data-element_type=\"widget\" data-e-type=\"widget\" data-widget_type=\"spacer.default\">\n\t\t\t\t<div class=\"elementor-widget-container\">\n\t\t\t\t\t\t\t<div class=\"elementor-spacer\">\n\t\t\t<div class=\"elementor-spacer-inner\"><\/div>\n\t\t<\/div>\n\t\t\t\t\t\t<\/div>\n\t\t\t\t<\/div>\n\t\t\t\t\t<\/div>\n\t\t<\/div>\n\t\t\t\t\t<\/div>\n\t\t<\/section>\n\t\t\t\t<section class=\"elementor-section elementor-top-section elementor-element elementor-element-67b8a268 elementor-section-boxed elementor-section-height-default elementor-section-height-default\" data-id=\"67b8a268\" data-element_type=\"section\" data-e-type=\"section\">\n\t\t\t\t\t\t<div class=\"elementor-container elementor-column-gap-default\">\n\t\t\t\t\t<div class=\"elementor-column elementor-col-100 elementor-top-column elementor-element elementor-element-7932a302\" data-id=\"7932a302\" data-element_type=\"column\" data-e-type=\"column\" data-settings=\"{&quot;background_background&quot;:&quot;classic&quot;}\">\n\t\t\t<div class=\"elementor-widget-wrap elementor-element-populated\">\n\t\t\t\t\t\t<div class=\"elementor-element elementor-element-188a5a82 elementor-widget elementor-widget-heading\" data-id=\"188a5a82\" data-element_type=\"widget\" data-e-type=\"widget\" data-widget_type=\"heading.default\">\n\t\t\t\t<div class=\"elementor-widget-container\">\n\t\t\t\t\t<h2 class=\"elementor-heading-title elementor-size-default\">stay in touch<\/h2>\t\t\t\t<\/div>\n\t\t\t\t<\/div>\n\t\t\t\t<div class=\"elementor-element elementor-element-62acfd94 elementor-widget elementor-widget-heading\" data-id=\"62acfd94\" data-element_type=\"widget\" data-e-type=\"widget\" data-widget_type=\"heading.default\">\n\t\t\t\t<div class=\"elementor-widget-container\">\n\t\t\t\t\t<h2 class=\"elementor-heading-title elementor-size-default\">Join the Redline Community<\/h2>\t\t\t\t<\/div>\n\t\t\t\t<\/div>\n\t\t\t\t<div class=\"elementor-element elementor-element-7a0ddf44 ar-p elementor-widget elementor-widget-text-editor\" data-id=\"7a0ddf44\" data-element_type=\"widget\" data-e-type=\"widget\" data-widget_type=\"text-editor.default\">\n\t\t\t\t<div class=\"elementor-widget-container\">\n\t\t\t\t\t\t\t\t\t<div class=\"wp-block-uagb-advanced-heading uagb-block-d5ee27ff\"><div class=\"wp-block-uagb-advanced-heading uagb-block-d5ee27ff\"><div class=\"wp-block-uagb-advanced-heading uagb-block-d76864a8\"><div class=\"wp-block-uagb-advanced-heading uagb-block-d5ee27ff\"><p class=\"uagb-desc-text\">subscribe to our newsletter to receive the latest updates, highlights and special offers<\/p><\/div><\/div><\/div><\/div>\t\t\t\t\t\t\t\t<\/div>\n\t\t\t\t<\/div>\n\t\t\t\t<div class=\"elementor-element elementor-element-451151b9 elementor-align-center elementor-widget elementor-widget-elementskit-button\" data-id=\"451151b9\" data-element_type=\"widget\" data-e-type=\"widget\" data-widget_type=\"elementskit-button.default\">\n\t\t\t\t<div class=\"elementor-widget-container\">\n\t\t\t\t\t<div class=\"ekit-wid-con\" >\t\t<div class=\"ekit-btn-wraper\">\n\t\t\t\t\t\t\t<a href=\"https:\/\/redlinesolutions.pl\/en\/kontakt\/\" class=\"elementskit-btn  whitespace--normal\" id=\"\">\n\t\t\t\t\tSUBSCRIBE\t\t\t\t<\/a>\n\t\t\t\t\t<\/div>\n        <\/div>\t\t\t\t<\/div>\n\t\t\t\t<\/div>\n\t\t\t\t\t<\/div>\n\t\t<\/div>\n\t\t\t\t\t<\/div>\n\t\t<\/section>\n\t\t\t\t<\/div>","protected":false},"excerpt":{"rendered":"<p>Kurs IELTS odkryj Kurs przygotowawczy do egzaminu IELTS CZYM JEST IELTS?IELTS to\u00a0International English Language Testing System, kt\u00f3ry\u00a0sprawdza znajomo\u015b\u0107 j\u0119zyka angielskiego [&hellip;]<\/p>\n","protected":false},"author":6,"featured_media":0,"parent":0,"menu_order":0,"comment_status":"closed","ping_status":"closed","template":"elementor_header_footer","meta":{"_uag_custom_page_level_css":"","site-sidebar-layout":"no-sidebar","site-content-layout":"page-builder","ast-site-content-layout":"full-width-container","site-content-style":"default","site-sidebar-style":"default","ast-global-header-display":"","ast-banner-title-visibility":"","ast-main-header-display":"","ast-hfb-above-header-display":"","ast-hfb-below-header-display":"","ast-hfb-mobile-header-display":"","site-post-title":"disabled","ast-breadcrumbs-content":"","ast-featured-img":"disabled","footer-sml-layout":"","ast-disable-related-posts":"","theme-transparent-header-meta":"","adv-header-id-meta":"","stick-header-meta":"","header-above-stick-meta":"","header-main-stick-meta":"","header-below-stick-meta":"","astra-migrate-meta-layouts":"set","ast-page-background-enabled":"default","ast-page-background-meta":{"desktop":{"background-color":"var(--ast-global-color-4)","background-image":"","background-repeat":"repeat","background-position":"center center","background-size":"auto","background-attachment":"scroll","background-type":"","background-media":"","overlay-type":"","overlay-color":"","overlay-opacity":"","overlay-gradient":""},"tablet":{"background-color":"","background-image":"","background-repeat":"repeat","background-position":"center center","background-size":"auto","background-attachment":"scroll","background-type":"","background-media":"","overlay-type":"","overlay-color":"","overlay-opacity":"","overlay-gradient":""},"mobile":{"background-color":"","background-image":"","background-repeat":"repeat","background-position":"center center","background-size":"auto","background-attachment":"scroll","background-type":"","background-media":"","overlay-type":"","overlay-color":"","overlay-opacity":"","overlay-gradient":""}},"ast-content-background-meta":{"desktop":{"background-color":"var(--ast-global-color-5)","background-image":"","background-repeat":"repeat","background-position":"center center","background-size":"auto","background-attachment":"scroll","background-type":"","background-media":"","overlay-type":"","overlay-color":"","overlay-opacity":"","overlay-gradient":""},"tablet":{"background-color":"var(--ast-global-color-5)","background-image":"","background-repeat":"repeat","background-position":"center center","background-size":"auto","background-attachment":"scroll","background-type":"","background-media":"","overlay-type":"","overlay-color":"","overlay-opacity":"","overlay-gradient":""},"mobile":{"background-color":"var(--ast-global-color-5)","background-image":"","background-repeat":"repeat","background-position":"center center","background-size":"auto","background-attachment":"scroll","background-type":"","background-media":"","overlay-type":"","overlay-color":"","overlay-opacity":"","overlay-gradient":""}},"iawp_total_views":8,"footnotes":""},"class_list":["post-2357","page","type-page","status-publish","hentry"],"uagb_featured_image_src":{"full":false,"thumbnail":false,"medium":false,"medium_large":false,"large":false,"1536x1536":false,"2048x2048":false,"trp-custom-language-flag":false},"uagb_author_info":{"display_name":"w 2","author_link":"https:\/\/redlinesolutions.pl\/en\/author\/w2\/"},"uagb_comment_info":0,"uagb_excerpt":"Kurs IELTS odkryj Kurs przygotowawczy do egzaminu IELTS CZYM JEST IELTS?IELTS to\u00a0International English Language Testing System, kt\u00f3ry\u00a0sprawdza znajomo\u015b\u0107 j\u0119zyka angielskiego [&hellip;]","_links":{"self":[{"href":"https:\/\/redlinesolutions.pl\/en\/wp-json\/wp\/v2\/pages\/2357","targetHints":{"allow":["GET"]}}],"collection":[{"href":"https:\/\/redlinesolutions.pl\/en\/wp-json\/wp\/v2\/pages"}],"about":[{"href":"https:\/\/redlinesolutions.pl\/en\/wp-json\/wp\/v2\/types\/page"}],"author":[{"embeddable":true,"href":"https:\/\/redlinesolutions.pl\/en\/wp-json\/wp\/v2\/users\/6"}],"replies":[{"embeddable":true,"href":"https:\/\/redlinesolutions.pl\/en\/wp-json\/wp\/v2\/comments?post=2357"}],"version-history":[{"count":5,"href":"https:\/\/redlinesolutions.pl\/en\/wp-json\/wp\/v2\/pages\/2357\/revisions"}],"predecessor-version":[{"id":3148,"href":"https:\/\/redlinesolutions.pl\/en\/wp-json\/wp\/v2\/pages\/2357\/revisions\/3148"}],"wp:attachment":[{"href":"https:\/\/redlinesolutions.pl\/en\/wp-json\/wp\/v2\/media?parent=2357"}],"curies":[{"name":"wp","href":"https:\/\/api.w.org\/{rel}","templated":true}]}}