{"id":2390,"date":"2024-09-14T22:28:36","date_gmt":"2024-09-14T20:28:36","guid":{"rendered":"http:\/\/redlinesolutions.pl\/?page_id=2390"},"modified":"2024-09-30T08:20:42","modified_gmt":"2024-09-30T06:20:42","slug":"toefl","status":"publish","type":"page","link":"https:\/\/redlinesolutions.pl\/en\/toefl\/","title":{"rendered":"TOEFL"},"content":{"rendered":"<div data-elementor-type=\"wp-page\" data-elementor-id=\"2390\" class=\"elementor elementor-2390\" data-elementor-post-type=\"page\">\n\t\t\t\t\t\t<section class=\"elementor-section elementor-top-section elementor-element elementor-element-4cb6400d elementor-section-content-middle elementor-section-boxed elementor-section-height-default elementor-section-height-default\" data-id=\"4cb6400d\" data-element_type=\"section\" data-e-type=\"section\" data-settings=\"{&quot;background_background&quot;:&quot;classic&quot;}\">\n\t\t\t\t\t\t<div class=\"elementor-container elementor-column-gap-no\">\n\t\t\t\t\t<div class=\"elementor-column elementor-col-100 elementor-top-column elementor-element elementor-element-683c787c\" data-id=\"683c787c\" data-element_type=\"column\" data-e-type=\"column\">\n\t\t\t<div class=\"elementor-widget-wrap elementor-element-populated\">\n\t\t\t\t\t\t<div class=\"elementor-element elementor-element-4e7d6a elementor-widget elementor-widget-heading\" data-id=\"4e7d6a\" data-element_type=\"widget\" data-e-type=\"widget\" data-widget_type=\"heading.default\">\n\t\t\t\t<div class=\"elementor-widget-container\">\n\t\t\t\t\t<h2 class=\"elementor-heading-title elementor-size-default\">TOEFL Preparatory Course<\/h2>\t\t\t\t<\/div>\n\t\t\t\t<\/div>\n\t\t\t\t\t<\/div>\n\t\t<\/div>\n\t\t\t\t\t<\/div>\n\t\t<\/section>\n\t\t\t\t<section class=\"elementor-section elementor-top-section elementor-element elementor-element-589eb5bc elementor-section-boxed elementor-section-height-default elementor-section-height-default\" data-id=\"589eb5bc\" data-element_type=\"section\" data-e-type=\"section\" data-settings=\"{&quot;background_background&quot;:&quot;classic&quot;}\">\n\t\t\t\t\t\t<div class=\"elementor-container elementor-column-gap-no\">\n\t\t\t\t\t<div class=\"elementor-column elementor-col-50 elementor-top-column elementor-element elementor-element-612c1381\" data-id=\"612c1381\" data-element_type=\"column\" data-e-type=\"column\">\n\t\t\t<div class=\"elementor-widget-wrap elementor-element-populated\">\n\t\t\t\t\t\t<div class=\"elementor-element elementor-element-2c442696 elementor-hidden-mobile elementor-widget elementor-widget-image\" data-id=\"2c442696\" data-element_type=\"widget\" data-e-type=\"widget\" data-widget_type=\"image.default\">\n\t\t\t\t<div class=\"elementor-widget-container\">\n\t\t\t\t\t\t\t\t\t\t\t\t\t\t\t<img decoding=\"async\" src=\"https:\/\/redlinesolutions.pl\/wp-content\/uploads\/elementor\/thumbs\/pexels-cottonbro-4778404-scaled-r5rlg9s3q23wcaufi8vnx0g0vivaoejhpfoxwchnsw.jpg\" title=\"pexels-cottonbro-4778404\" alt=\"pexels-cottonbro-4778404\" loading=\"lazy\" \/>\t\t\t\t\t\t\t\t\t\t\t\t\t\t\t<\/div>\n\t\t\t\t<\/div>\n\t\t\t\t<div class=\"elementor-element elementor-element-50bf11b9 elementor-hidden-desktop elementor-hidden-tablet elementor-widget elementor-widget-image\" data-id=\"50bf11b9\" data-element_type=\"widget\" data-e-type=\"widget\" data-widget_type=\"image.default\">\n\t\t\t\t<div class=\"elementor-widget-container\">\n\t\t\t\t\t\t\t\t\t\t\t\t\t\t\t<img decoding=\"async\" src=\"https:\/\/redlinesolutions.pl\/wp-content\/uploads\/elementor\/thumbs\/pexels-cottonbro-4778404-scaled-r5rlg9rxmrymiva68r22psb2vr6mg0r3tw25tcidlw.jpg\" title=\"pexels-cottonbro-4778404\" alt=\"pexels-cottonbro-4778404\" loading=\"lazy\" \/>\t\t\t\t\t\t\t\t\t\t\t\t\t\t\t<\/div>\n\t\t\t\t<\/div>\n\t\t\t\t\t<\/div>\n\t\t<\/div>\n\t\t\t\t<div class=\"elementor-column elementor-col-50 elementor-top-column elementor-element elementor-element-58c9b653\" data-id=\"58c9b653\" data-element_type=\"column\" data-e-type=\"column\">\n\t\t\t<div class=\"elementor-widget-wrap elementor-element-populated\">\n\t\t\t\t\t\t<div class=\"elementor-element elementor-element-279d863a elementor-widget elementor-widget-heading\" data-id=\"279d863a\" data-element_type=\"widget\" data-e-type=\"widget\" data-widget_type=\"heading.default\">\n\t\t\t\t<div class=\"elementor-widget-container\">\n\t\t\t\t\t<h2 class=\"elementor-heading-title elementor-size-default\">explore<\/h2>\t\t\t\t<\/div>\n\t\t\t\t<\/div>\n\t\t\t\t<div class=\"elementor-element elementor-element-2b6ea118 elementor-widget elementor-widget-heading\" data-id=\"2b6ea118\" data-element_type=\"widget\" data-e-type=\"widget\" data-widget_type=\"heading.default\">\n\t\t\t\t<div class=\"elementor-widget-container\">\n\t\t\t\t\t<h2 class=\"elementor-heading-title elementor-size-default\">TOEFL Preparatory Course<\/h2>\t\t\t\t<\/div>\n\t\t\t\t<\/div>\n\t\t\t\t<div class=\"elementor-element elementor-element-734ea16 ar-p elementor-widget elementor-widget-text-editor\" data-id=\"734ea16\" data-element_type=\"widget\" data-e-type=\"widget\" data-widget_type=\"text-editor.default\">\n\t\t\t\t<div class=\"elementor-widget-container\">\n\t\t\t\t\t\t\t\t\t<div class=\"wp-block-uagb-advanced-heading uagb-block-d5ee27ff\">\n<div class=\"wp-block-uagb-advanced-heading uagb-block-d5ee27ff\">\n<div class=\"wp-block-uagb-advanced-heading uagb-block-d76864a8\">\n<div class=\"wp-block-uagb-advanced-heading uagb-block-d5ee27ff\">\n<div class=\"wp-block-uagb-advanced-heading uagb-block-d5ee27ff\">\n<div class=\"wp-block-uagb-advanced-heading uagb-block-d5ee27ff\">\n<p class=\"uagb-desc-text\">WHAT IS THE TOEFL?<br>\nThe TOEFL language test is the most trusted and widely accepted English language exam in the world. It has helped millions of people fulfil their dreams of studying, working or living abroad. More than 10,000 higher education institutions, government agencies and organisations around the world accept TOEFL scores when making important decisions.<\/p><p class=\"uagb-desc-text\"><br><\/p>\n<p>This course will help you understand what you can do to achieve the best score on the TOEFL test. Instructors will guide you through each section (reading, listening, speaking and writing) and, using archived questions from previous tests, explain the types of questions you can expect. You will receive valuable advice, including how to register for the test, how the test is scored and how to prepare for test day.<\/p>\n<p>This course is highly interactive, using videos, sample questions with explanations, short quizzes and collaborative discussion forums. You will also have access to real test material from previous tests. During the weeks covering speaking and writing, all course participants can receive scores for their answers from practice tests.<\/p>\n<p>The exam takes the form of a computer-based test and tests all 4 language skills - reading, listening, speaking and writing, from Intermediate \/ B1 to Advanced \/ C1 - according to the Council of Europe levels. The recommended minimum level at which to start the course is Intermediate \/ B1.<\/p>\n<p>The first step before starting the course will therefore be to analyse your level of English: a written test and a meeting with the school's methodologist.<\/p>\n<p>The TOEFL iBT test is scored from 0 to 120 points. So check with the university you are applying to to find out what the required number of points is for study abroad.<\/p>\n<\/div>\n<p>AN INTENSIVE &amp; PROFESSIONAL COURSE<br>\nWith Redline you will prepare for the TOEFL exam under the guidance of professional tutors &amp; coaches, working with authentic course material.<\/p>\n<p>The TOEFL preparation course starts in October and runs until June. Preparation for the TOEFL is based on all aspects of learning, such as speaking, writing, reading, listening comprehension and grammar. The course comprises 120 teaching units, during which students broaden their knowledge, develop particular language skills based on sample exam tasks.<\/p>\n<p>HOW DO WE RUN OUR CLASSES?<br>\nThe basis of good exam preparation is reading academic texts and consolidating vocabulary. Therefore, in the course, we pay great attention to familiarising students with academic vocabulary and the construction of academic texts of varying difficulty. Texts for reading and analysis are given to students as homework.<\/p>\n<p>In terms of listening comprehension, students develop skills in understanding the topic, the main message of the text and its content. They also practise the ability to connect facts and information and take notes. During the course, students also work on developing skills in essay writing, expressing opinions and arguing opinions. Much of the lesson is devoted to practising speaking skills on a variety of topics.<\/p>\n<p>PREPARATION FOR THE TEST<br>\nAn important aspect of exam preparation is to familiarise students with exam requirements, exam techniques and the format and types of exam questions.<\/p>\n<p>IS THE TOEFL FOR ME?<br>\nWho takes the TOEFL exam? More than 30 million people from around the world have taken the TOEFL test to demonstrate their English language skills. These include:<\/p>\n<ul class=\"wp-block-list\" margin-top:-15px\"=\"\">\n<li>Persons planning to study abroad or who want to have their learning outcomes at a Polish university credited<\/li>\n<li>Applicants for scholarships and professional certificates<\/li>\n<li>English language learners who want to track their progress<\/li>\n<li>Students and employees applying for visas in certain countries<\/li>\n<\/ul>\n<p class=\"has-ast-global-color-0-color has-text-color has-link-color wp-elements-0a7f7140670765198fb235f69c30221f\">WHAT WILL YOU LEARN?<\/p>\n<ul class=\"wp-block-list\" style=\"margin-top: -15px;\">\n<li>How to improve your language skills<\/li>\n<li>How to successfully navigate the four sections of the TOEFL test: Reading, Listening, Speaking and Writing<\/li>\n<li>Helpful tips for preparing for the TOEFL test<\/li>\n<li>How the TOEFL test is scored<\/li>\n<li>How to use TOEFL test scores for employment, study, visas and scholarships<\/li>\n<li>You will learn how to manage your time during the test<\/li>\n<li>Where to find additional study resources for the TOEFL test<\/li>\n<li>How to register for the TOEFL test<\/li>\n<\/ul>\n<\/div>\n<\/div>\n<\/div>\n<\/div>\n<\/div>\t\t\t\t\t\t\t\t<\/div>\n\t\t\t\t<\/div>\n\t\t\t\t\t<\/div>\n\t\t<\/div>\n\t\t\t\t\t<\/div>\n\t\t<\/section>\n\t\t\t\t<section class=\"elementor-section elementor-top-section elementor-element elementor-element-20d91fe3 elementor-section-content-middle elementor-section-boxed elementor-section-height-default elementor-section-height-default\" data-id=\"20d91fe3\" data-element_type=\"section\" data-e-type=\"section\" data-settings=\"{&quot;background_background&quot;:&quot;classic&quot;}\">\n\t\t\t\t\t\t<div class=\"elementor-container elementor-column-gap-no\">\n\t\t\t\t\t<div class=\"elementor-column elementor-col-100 elementor-top-column elementor-element elementor-element-eb48cff\" data-id=\"eb48cff\" data-element_type=\"column\" data-e-type=\"column\">\n\t\t\t<div class=\"elementor-widget-wrap elementor-element-populated\">\n\t\t\t\t\t\t<div class=\"elementor-element elementor-element-7780ccf0 elementor-widget elementor-widget-heading\" data-id=\"7780ccf0\" data-element_type=\"widget\" data-e-type=\"widget\" data-widget_type=\"heading.default\">\n\t\t\t\t<div class=\"elementor-widget-container\">\n\t\t\t\t\t<h2 class=\"elementor-heading-title elementor-size-default\">We respect your commitments.<\/h2>\t\t\t\t<\/div>\n\t\t\t\t<\/div>\n\t\t\t\t<div class=\"elementor-element elementor-element-39444be3 ar-p elementor-widget elementor-widget-text-editor\" data-id=\"39444be3\" data-element_type=\"widget\" data-e-type=\"widget\" data-widget_type=\"text-editor.default\">\n\t\t\t\t<div class=\"elementor-widget-container\">\n\t\t\t\t\t\t\t\t\t<div class=\"wp-block-uagb-advanced-heading uagb-block-d5ee27ff\"><div class=\"wp-block-uagb-advanced-heading uagb-block-d5ee27ff\"><div class=\"wp-block-uagb-advanced-heading uagb-block-d76864a8\"><div class=\"wp-block-uagb-advanced-heading uagb-block-d5ee27ff\"><p class=\"uagb-desc-text\">Oferujemy elastyczn\u0105 gam\u0119 kurs\u00f3w TOEFL, aby zaspokoi\u0107 potrzeby ka\u017cdego i\u00a0ograniczenia czasowe, w\u00a0tym opcje w\u00a0niepe\u0142nym wymiarze godzin, w\u00a0pe\u0142nym wymiarze godzin, grupowe i\u00a0indywidualne.<\/p><\/div><\/div><\/div><\/div>\t\t\t\t\t\t\t\t<\/div>\n\t\t\t\t<\/div>\n\t\t\t\t\t<\/div>\n\t\t<\/div>\n\t\t\t\t\t<\/div>\n\t\t<\/section>\n\t\t\t\t<section class=\"elementor-section elementor-top-section elementor-element elementor-element-e18c46 elementor-section-boxed elementor-section-height-default elementor-section-height-default\" data-id=\"e18c46\" data-element_type=\"section\" data-e-type=\"section\" data-settings=\"{&quot;background_background&quot;:&quot;classic&quot;}\">\n\t\t\t\t\t\t<div class=\"elementor-container elementor-column-gap-default\">\n\t\t\t\t\t<div class=\"elementor-column elementor-col-100 elementor-top-column elementor-element elementor-element-3a1640ea\" data-id=\"3a1640ea\" data-element_type=\"column\" data-e-type=\"column\">\n\t\t\t<div class=\"elementor-widget-wrap elementor-element-populated\">\n\t\t\t\t\t\t<div class=\"elementor-element elementor-element-3c91b294 elementor-widget elementor-widget-spacer\" data-id=\"3c91b294\" data-element_type=\"widget\" data-e-type=\"widget\" data-widget_type=\"spacer.default\">\n\t\t\t\t<div class=\"elementor-widget-container\">\n\t\t\t\t\t\t\t<div class=\"elementor-spacer\">\n\t\t\t<div class=\"elementor-spacer-inner\"><\/div>\n\t\t<\/div>\n\t\t\t\t\t\t<\/div>\n\t\t\t\t<\/div>\n\t\t\t\t\t<\/div>\n\t\t<\/div>\n\t\t\t\t\t<\/div>\n\t\t<\/section>\n\t\t\t\t<section class=\"elementor-section elementor-top-section elementor-element elementor-element-57ea776f elementor-section-boxed elementor-section-height-default elementor-section-height-default\" data-id=\"57ea776f\" data-element_type=\"section\" data-e-type=\"section\">\n\t\t\t\t\t\t<div class=\"elementor-container elementor-column-gap-default\">\n\t\t\t\t\t<div class=\"elementor-column elementor-col-100 elementor-top-column elementor-element elementor-element-6fcde775\" data-id=\"6fcde775\" data-element_type=\"column\" data-e-type=\"column\" data-settings=\"{&quot;background_background&quot;:&quot;classic&quot;}\">\n\t\t\t<div class=\"elementor-widget-wrap elementor-element-populated\">\n\t\t\t\t\t\t<div class=\"elementor-element elementor-element-451d4243 elementor-widget elementor-widget-heading\" data-id=\"451d4243\" data-element_type=\"widget\" data-e-type=\"widget\" data-widget_type=\"heading.default\">\n\t\t\t\t<div class=\"elementor-widget-container\">\n\t\t\t\t\t<h2 class=\"elementor-heading-title elementor-size-default\">stay in touch<\/h2>\t\t\t\t<\/div>\n\t\t\t\t<\/div>\n\t\t\t\t<div class=\"elementor-element elementor-element-7ac07db7 elementor-widget elementor-widget-heading\" data-id=\"7ac07db7\" data-element_type=\"widget\" data-e-type=\"widget\" data-widget_type=\"heading.default\">\n\t\t\t\t<div class=\"elementor-widget-container\">\n\t\t\t\t\t<h2 class=\"elementor-heading-title elementor-size-default\">Join the Redline Community<\/h2>\t\t\t\t<\/div>\n\t\t\t\t<\/div>\n\t\t\t\t<div class=\"elementor-element elementor-element-7bf0ad5 ar-p elementor-widget elementor-widget-text-editor\" data-id=\"7bf0ad5\" data-element_type=\"widget\" data-e-type=\"widget\" data-widget_type=\"text-editor.default\">\n\t\t\t\t<div class=\"elementor-widget-container\">\n\t\t\t\t\t\t\t\t\t<div class=\"wp-block-uagb-advanced-heading uagb-block-d5ee27ff\"><div class=\"wp-block-uagb-advanced-heading uagb-block-d5ee27ff\"><div class=\"wp-block-uagb-advanced-heading uagb-block-d76864a8\"><div class=\"wp-block-uagb-advanced-heading uagb-block-d5ee27ff\"><p class=\"uagb-desc-text\">subscribe to our newsletter to receive the latest updates, highlights and special offers<\/p><\/div><\/div><\/div><\/div>\t\t\t\t\t\t\t\t<\/div>\n\t\t\t\t<\/div>\n\t\t\t\t<div class=\"elementor-element elementor-element-54507902 elementor-align-center elementor-widget elementor-widget-elementskit-button\" data-id=\"54507902\" data-element_type=\"widget\" data-e-type=\"widget\" data-widget_type=\"elementskit-button.default\">\n\t\t\t\t<div class=\"elementor-widget-container\">\n\t\t\t\t\t<div class=\"ekit-wid-con\" >\t\t<div class=\"ekit-btn-wraper\">\n\t\t\t\t\t\t\t<a href=\"https:\/\/redlinesolutions.pl\/en\/kontakt\/\" class=\"elementskit-btn  whitespace--normal\" id=\"\">\n\t\t\t\t\tSUBSCRIBE\t\t\t\t<\/a>\n\t\t\t\t\t<\/div>\n        <\/div>\t\t\t\t<\/div>\n\t\t\t\t<\/div>\n\t\t\t\t\t<\/div>\n\t\t<\/div>\n\t\t\t\t\t<\/div>\n\t\t<\/section>\n\t\t\t\t<\/div>","protected":false},"excerpt":{"rendered":"<p>Kurs TOEFL odkryj Kurs przygotowawczy do egzaminu TOEFL CZYM JEST TOEFL? Test j\u0119zykowy TOEFL jest najbardziej zaufanym i&nbsp;powszechnie akceptowanym egzaminem [&hellip;]<\/p>\n","protected":false},"author":6,"featured_media":0,"parent":0,"menu_order":0,"comment_status":"closed","ping_status":"closed","template":"elementor_header_footer","meta":{"_uag_custom_page_level_css":"","site-sidebar-layout":"no-sidebar","site-content-layout":"page-builder","ast-site-content-layout":"full-width-container","site-content-style":"default","site-sidebar-style":"default","ast-global-header-display":"","ast-banner-title-visibility":"","ast-main-header-display":"","ast-hfb-above-header-display":"","ast-hfb-below-header-display":"","ast-hfb-mobile-header-display":"","site-post-title":"disabled","ast-breadcrumbs-content":"","ast-featured-img":"disabled","footer-sml-layout":"","ast-disable-related-posts":"","theme-transparent-header-meta":"","adv-header-id-meta":"","stick-header-meta":"","header-above-stick-meta":"","header-main-stick-meta":"","header-below-stick-meta":"","astra-migrate-meta-layouts":"set","ast-page-background-enabled":"default","ast-page-background-meta":{"desktop":{"background-color":"var(--ast-global-color-4)","background-image":"","background-repeat":"repeat","background-position":"center center","background-size":"auto","background-attachment":"scroll","background-type":"","background-media":"","overlay-type":"","overlay-color":"","overlay-opacity":"","overlay-gradient":""},"tablet":{"background-color":"","background-image":"","background-repeat":"repeat","background-position":"center center","background-size":"auto","background-attachment":"scroll","background-type":"","background-media":"","overlay-type":"","overlay-color":"","overlay-opacity":"","overlay-gradient":""},"mobile":{"background-color":"","background-image":"","background-repeat":"repeat","background-position":"center center","background-size":"auto","background-attachment":"scroll","background-type":"","background-media":"","overlay-type":"","overlay-color":"","overlay-opacity":"","overlay-gradient":""}},"ast-content-background-meta":{"desktop":{"background-color":"var(--ast-global-color-5)","background-image":"","background-repeat":"repeat","background-position":"center center","background-size":"auto","background-attachment":"scroll","background-type":"","background-media":"","overlay-type":"","overlay-color":"","overlay-opacity":"","overlay-gradient":""},"tablet":{"background-color":"var(--ast-global-color-5)","background-image":"","background-repeat":"repeat","background-position":"center center","background-size":"auto","background-attachment":"scroll","background-type":"","background-media":"","overlay-type":"","overlay-color":"","overlay-opacity":"","overlay-gradient":""},"mobile":{"background-color":"var(--ast-global-color-5)","background-image":"","background-repeat":"repeat","background-position":"center center","background-size":"auto","background-attachment":"scroll","background-type":"","background-media":"","overlay-type":"","overlay-color":"","overlay-opacity":"","overlay-gradient":""}},"iawp_total_views":8,"footnotes":""},"class_list":["post-2390","page","type-page","status-publish","hentry"],"uagb_featured_image_src":{"full":false,"thumbnail":false,"medium":false,"medium_large":false,"large":false,"1536x1536":false,"2048x2048":false,"trp-custom-language-flag":false},"uagb_author_info":{"display_name":"w 2","author_link":"https:\/\/redlinesolutions.pl\/en\/author\/w2\/"},"uagb_comment_info":0,"uagb_excerpt":"Kurs TOEFL odkryj Kurs przygotowawczy do egzaminu TOEFL CZYM JEST TOEFL? Test j\u0119zykowy TOEFL jest najbardziej zaufanym i&nbsp;powszechnie akceptowanym egzaminem [&hellip;]","_links":{"self":[{"href":"https:\/\/redlinesolutions.pl\/en\/wp-json\/wp\/v2\/pages\/2390","targetHints":{"allow":["GET"]}}],"collection":[{"href":"https:\/\/redlinesolutions.pl\/en\/wp-json\/wp\/v2\/pages"}],"about":[{"href":"https:\/\/redlinesolutions.pl\/en\/wp-json\/wp\/v2\/types\/page"}],"author":[{"embeddable":true,"href":"https:\/\/redlinesolutions.pl\/en\/wp-json\/wp\/v2\/users\/6"}],"replies":[{"embeddable":true,"href":"https:\/\/redlinesolutions.pl\/en\/wp-json\/wp\/v2\/comments?post=2390"}],"version-history":[{"count":5,"href":"https:\/\/redlinesolutions.pl\/en\/wp-json\/wp\/v2\/pages\/2390\/revisions"}],"predecessor-version":[{"id":3096,"href":"https:\/\/redlinesolutions.pl\/en\/wp-json\/wp\/v2\/pages\/2390\/revisions\/3096"}],"wp:attachment":[{"href":"https:\/\/redlinesolutions.pl\/en\/wp-json\/wp\/v2\/media?parent=2390"}],"curies":[{"name":"wp","href":"https:\/\/api.w.org\/{rel}","templated":true}]}}